{"id":190,"date":"2024-08-14T10:16:15","date_gmt":"2024-08-14T10:16:15","guid":{"rendered":"https:\/\/inpridi.com\/?page_id=190"},"modified":"2025-12-31T15:07:17","modified_gmt":"2025-12-31T15:07:17","slug":"dhatec","status":"publish","type":"page","link":"https:\/\/inpridi.com\/en\/dhatec\/","title":{"rendered":"DHATEC"},"content":{"rendered":"<div data-elementor-type=\"wp-page\" data-elementor-id=\"190\" class=\"elementor elementor-190\" data-elementor-post-type=\"page\">\n\t\t\t\t<div class=\"elementor-element elementor-element-4aba98d2 e-con-full e-flex e-con e-parent\" data-id=\"4aba98d2\" data-element_type=\"container\" data-settings=\"{&quot;background_background&quot;:&quot;classic&quot;}\">\n\t\t\t\t<\/div>\n\t\t<div class=\"elementor-element elementor-element-cfbadec e-flex e-con-boxed e-con e-parent\" data-id=\"cfbadec\" data-element_type=\"container\">\n\t\t\t\t\t<div class=\"e-con-inner\">\n\t\t<div class=\"elementor-element elementor-element-1bf7d21 e-con-full e-flex e-con e-child\" data-id=\"1bf7d21\" data-element_type=\"container\">\n\t\t<div class=\"elementor-element elementor-element-e113d1c e-con-full e-flex e-con e-child\" data-id=\"e113d1c\" data-element_type=\"container\">\n\t\t\t\t<div class=\"elementor-element elementor-element-77dd2da elementor-widget elementor-widget-image\" data-id=\"77dd2da\" data-element_type=\"widget\" data-widget_type=\"image.default\">\n\t\t\t\t<div class=\"elementor-widget-container\">\n\t\t\t\t\t\t\t\t\t\t\t\t\t\t\t<img fetchpriority=\"high\" decoding=\"async\" width=\"1792\" height=\"1696\" src=\"https:\/\/inpridi.com\/wp-content\/uploads\/2024\/08\/Logistika-cevi.png\" class=\"attachment-large size-large wp-image-200\" alt=\"DHATEC, cevi na kamionu.\" srcset=\"https:\/\/inpridi.com\/wp-content\/uploads\/2024\/08\/Logistika-cevi.png 1792w, https:\/\/inpridi.com\/wp-content\/uploads\/2024\/08\/Logistika-cevi-768x727.png 768w, https:\/\/inpridi.com\/wp-content\/uploads\/2024\/08\/Logistika-cevi-1536x1454.png 1536w\" sizes=\"(max-width: 1792px) 100vw, 1792px\" \/>\t\t\t\t\t\t\t\t\t\t\t\t\t\t\t<\/div>\n\t\t\t\t<\/div>\n\t\t\t\t<\/div>\n\t\t<div class=\"elementor-element elementor-element-b6b8ad1 e-con-full e-flex e-con e-child\" data-id=\"b6b8ad1\" data-element_type=\"container\">\n\t\t\t\t<div class=\"elementor-element elementor-element-427736b elementor-widget elementor-widget-heading\" data-id=\"427736b\" data-element_type=\"widget\" data-widget_type=\"heading.default\">\n\t\t\t\t<div class=\"elementor-widget-container\">\n\t\t\t\t\t<h2 class=\"elementor-heading-title elementor-size-default\">Pipe logistics<\/h2>\t\t\t\t<\/div>\n\t\t\t\t<\/div>\n\t\t\t\t<div class=\"elementor-element elementor-element-5436437 elementor-widget elementor-widget-text-editor\" data-id=\"5436437\" data-element_type=\"widget\" data-widget_type=\"text-editor.default\">\n\t\t\t\t<div class=\"elementor-widget-container\">\n\t\t\t\t\t\t\t\t\t<p>DHATEC is an international company specialized in logistics and pipe protection in the oil, gas and infrastructure industries. They provide innovative solutions for the packaging, transport and storage of pipes to ensure that they reach their destination without damage. Their services include design of protective packaging, customizable pipe handling systems and integrated corrosion protection solutions. DHATEC is known for its ability to develop customized logistics strategies that help clients optimize supply chains and reduce transportation costs, all while maintaining pipe integrity and quality.<\/p>\t\t\t\t\t\t\t\t<\/div>\n\t\t\t\t<\/div>\n\t\t<div class=\"elementor-element elementor-element-ee96e75 e-con-full e-flex e-con e-child\" data-id=\"ee96e75\" data-element_type=\"container\">\n\t\t\t\t<div class=\"elementor-element elementor-element-b0560a9 elementor-widget elementor-widget-button\" data-id=\"b0560a9\" data-element_type=\"widget\" data-widget_type=\"button.default\">\n\t\t\t\t<div class=\"elementor-widget-container\">\n\t\t\t\t\t\t\t\t\t<div class=\"elementor-button-wrapper\">\n\t\t\t\t\t<a class=\"elementor-button elementor-button-link elementor-size-sm elementor-animation-grow\" href=\"https:\/\/inpridi.com\/en\/kontakt\/\">\n\t\t\t\t\t\t<span class=\"elementor-button-content-wrapper\">\n\t\t\t\t\t\t\t\t\t<span class=\"elementor-button-text\">request a quote<\/span>\n\t\t\t\t\t<\/span>\n\t\t\t\t\t<\/a>\n\t\t\t\t<\/div>\n\t\t\t\t\t\t\t\t<\/div>\n\t\t\t\t<\/div>\n\t\t\t\t<div class=\"elementor-element elementor-element-eabd384 elementor-widget elementor-widget-button\" data-id=\"eabd384\" data-element_type=\"widget\" data-widget_type=\"button.default\">\n\t\t\t\t<div class=\"elementor-widget-container\">\n\t\t\t\t\t\t\t\t\t<div class=\"elementor-button-wrapper\">\n\t\t\t\t\t<a class=\"elementor-button elementor-button-link elementor-size-sm elementor-animation-grow\" href=\"https:\/\/dhatec.nl\/products\/?taxonomy=product_category&#038;term=logistics\" target=\"_blank\" rel=\"noopener\">\n\t\t\t\t\t\t<span class=\"elementor-button-content-wrapper\">\n\t\t\t\t\t\t\t\t\t<span class=\"elementor-button-text\">Visit the manufacturer's website<\/span>\n\t\t\t\t\t<\/span>\n\t\t\t\t\t<\/a>\n\t\t\t\t<\/div>\n\t\t\t\t\t\t\t\t<\/div>\n\t\t\t\t<\/div>\n\t\t\t\t<div class=\"elementor-element elementor-element-5279249 elementor-view-default elementor-widget elementor-widget-icon\" data-id=\"5279249\" data-element_type=\"widget\" data-widget_type=\"icon.default\">\n\t\t\t\t<div class=\"elementor-widget-container\">\n\t\t\t\t\t\t\t<div class=\"elementor-icon-wrapper\">\n\t\t\t<div class=\"elementor-icon\">\n\t\t\t<svg aria-hidden=\"true\" class=\"e-font-icon-svg e-fas-arrow-circle-right\" viewbox=\"0 0 512 512\" xmlns=\"http:\/\/www.w3.org\/2000\/svg\"><path d=\"M256 8c137 0 248 111 248 248S393 504 256 504 8 393 8 256 119 8 256 8zm-28.9 143.6l75.5 72.4H120c-13.3 0-24 10.7-24 24v16c0 13.3 10.7 24 24 24h182.6l-75.5 72.4c-9.7 9.3-9.9 24.8-.4 34.3l11 10.9c9.4 9.4 24.6 9.4 33.9 0L404.3 273c9.4-9.4 9.4-24.6 0-33.9L271.6 106.3c-9.4-9.4-24.6-9.4-33.9 0l-11 10.9c-9.5 9.6-9.3 25.1.4 34.4z\"><\/path><\/svg>\t\t\t<\/div>\n\t\t<\/div>\n\t\t\t\t\t\t<\/div>\n\t\t\t\t<\/div>\n\t\t\t\t<\/div>\n\t\t\t\t<\/div>\n\t\t\t\t<\/div>\n\t\t\t\t\t<\/div>\n\t\t\t\t<\/div>\n\t\t<div class=\"elementor-element elementor-element-f121d02 e-flex e-con-boxed e-con e-parent\" data-id=\"f121d02\" data-element_type=\"container\" data-settings=\"{&quot;background_background&quot;:&quot;classic&quot;}\">\n\t\t\t\t\t<div class=\"e-con-inner\">\n\t\t<div class=\"elementor-element elementor-element-7aa20383 e-con-full elementor-hidden-desktop e-flex e-con e-child\" data-id=\"7aa20383\" data-element_type=\"container\">\n\t\t\t\t<div class=\"elementor-element elementor-element-5923d895 elementor-widget elementor-widget-image\" data-id=\"5923d895\" data-element_type=\"widget\" data-widget_type=\"image.default\">\n\t\t\t\t<div class=\"elementor-widget-container\">\n\t\t\t\t\t\t\t\t\t\t\t\t\t\t\t<img decoding=\"async\" width=\"1792\" height=\"1696\" src=\"https:\/\/inpridi.com\/wp-content\/uploads\/2024\/08\/Skladistenje-cevi.png\" class=\"attachment-large size-large wp-image-213\" alt=\"DHATEC, skladi\u0161tenje cevi na skladi\u0161tu.\" srcset=\"https:\/\/inpridi.com\/wp-content\/uploads\/2024\/08\/Skladistenje-cevi.png 1792w, https:\/\/inpridi.com\/wp-content\/uploads\/2024\/08\/Skladistenje-cevi-768x727.png 768w, https:\/\/inpridi.com\/wp-content\/uploads\/2024\/08\/Skladistenje-cevi-1536x1454.png 1536w\" sizes=\"(max-width: 1792px) 100vw, 1792px\" \/>\t\t\t\t\t\t\t\t\t\t\t\t\t\t\t<\/div>\n\t\t\t\t<\/div>\n\t\t\t\t<\/div>\n\t\t<div class=\"elementor-element elementor-element-18a838e3 e-con-full e-flex e-con e-child\" data-id=\"18a838e3\" data-element_type=\"container\">\n\t\t<div class=\"elementor-element elementor-element-6888eeed e-con-full e-flex e-con e-child\" data-id=\"6888eeed\" data-element_type=\"container\">\n\t\t\t\t<div class=\"elementor-element elementor-element-34215d43 elementor-widget elementor-widget-heading\" data-id=\"34215d43\" data-element_type=\"widget\" data-widget_type=\"heading.default\">\n\t\t\t\t<div class=\"elementor-widget-container\">\n\t\t\t\t\t<h2 class=\"elementor-heading-title elementor-size-default\">Pipe storage\u200b<\/h2>\t\t\t\t<\/div>\n\t\t\t\t<\/div>\n\t\t\t\t<div class=\"elementor-element elementor-element-722c39ea elementor-widget elementor-widget-text-editor\" data-id=\"722c39ea\" data-element_type=\"widget\" data-widget_type=\"text-editor.default\">\n\t\t\t\t<div class=\"elementor-widget-container\">\n\t\t\t\t\t\t\t\t\t<p><span style=\"white-space-collapse: preserve;\">DHATEC offers efficient pipe storage solutions designed to protect pipes from damage and corrosion during long-term storage. Their storage systems include special supports, pads and washers that ensure the stability of the pipe and prevent direct contact with the ground or other surfaces that could cause damage. DHATEC's solutions are adaptable to different types and sizes of pipes, enabling safe and efficient storage even in the most demanding conditions. They focus on optimizing space and increasing accessibility, which facilitates the manipulation of pipes and reduces the time required for their transport and installation.<\/span><\/p>\t\t\t\t\t\t\t\t<\/div>\n\t\t\t\t<\/div>\n\t\t<div class=\"elementor-element elementor-element-76e8c4d8 e-con-full e-flex e-con e-child\" data-id=\"76e8c4d8\" data-element_type=\"container\">\n\t\t\t\t<div class=\"elementor-element elementor-element-5fa87290 elementor-widget elementor-widget-button\" data-id=\"5fa87290\" data-element_type=\"widget\" data-widget_type=\"button.default\">\n\t\t\t\t<div class=\"elementor-widget-container\">\n\t\t\t\t\t\t\t\t\t<div class=\"elementor-button-wrapper\">\n\t\t\t\t\t<a class=\"elementor-button elementor-button-link elementor-size-sm elementor-animation-grow\" href=\"https:\/\/inpridi.com\/en\/kontakt\/\">\n\t\t\t\t\t\t<span class=\"elementor-button-content-wrapper\">\n\t\t\t\t\t\t\t\t\t<span class=\"elementor-button-text\">request a quote<\/span>\n\t\t\t\t\t<\/span>\n\t\t\t\t\t<\/a>\n\t\t\t\t<\/div>\n\t\t\t\t\t\t\t\t<\/div>\n\t\t\t\t<\/div>\n\t\t\t\t<div class=\"elementor-element elementor-element-2dbe9964 elementor-widget elementor-widget-button\" data-id=\"2dbe9964\" data-element_type=\"widget\" data-widget_type=\"button.default\">\n\t\t\t\t<div class=\"elementor-widget-container\">\n\t\t\t\t\t\t\t\t\t<div class=\"elementor-button-wrapper\">\n\t\t\t\t\t<a class=\"elementor-button elementor-button-link elementor-size-sm elementor-animation-grow\" href=\"https:\/\/dhatec.nl\/products\/?taxonomy=product_category&#038;term=preservation\" target=\"_blank\" rel=\"noopener\">\n\t\t\t\t\t\t<span class=\"elementor-button-content-wrapper\">\n\t\t\t\t\t\t\t\t\t<span class=\"elementor-button-text\">Visit the manufacturer's website<\/span>\n\t\t\t\t\t<\/span>\n\t\t\t\t\t<\/a>\n\t\t\t\t<\/div>\n\t\t\t\t\t\t\t\t<\/div>\n\t\t\t\t<\/div>\n\t\t\t\t<div class=\"elementor-element elementor-element-398ff959 elementor-view-default elementor-widget elementor-widget-icon\" data-id=\"398ff959\" data-element_type=\"widget\" data-widget_type=\"icon.default\">\n\t\t\t\t<div class=\"elementor-widget-container\">\n\t\t\t\t\t\t\t<div class=\"elementor-icon-wrapper\">\n\t\t\t<div class=\"elementor-icon\">\n\t\t\t<svg aria-hidden=\"true\" class=\"e-font-icon-svg e-fas-arrow-circle-right\" viewbox=\"0 0 512 512\" xmlns=\"http:\/\/www.w3.org\/2000\/svg\"><path d=\"M256 8c137 0 248 111 248 248S393 504 256 504 8 393 8 256 119 8 256 8zm-28.9 143.6l75.5 72.4H120c-13.3 0-24 10.7-24 24v16c0 13.3 10.7 24 24 24h182.6l-75.5 72.4c-9.7 9.3-9.9 24.8-.4 34.3l11 10.9c9.4 9.4 24.6 9.4 33.9 0L404.3 273c9.4-9.4 9.4-24.6 0-33.9L271.6 106.3c-9.4-9.4-24.6-9.4-33.9 0l-11 10.9c-9.5 9.6-9.3 25.1.4 34.4z\"><\/path><\/svg>\t\t\t<\/div>\n\t\t<\/div>\n\t\t\t\t\t\t<\/div>\n\t\t\t\t<\/div>\n\t\t\t\t<\/div>\n\t\t\t\t<\/div>\n\t\t<div class=\"elementor-element elementor-element-8d29682 e-con-full elementor-hidden-tablet elementor-hidden-mobile e-flex e-con e-child\" data-id=\"8d29682\" data-element_type=\"container\">\n\t\t\t\t<div class=\"elementor-element elementor-element-68c9dfa elementor-widget elementor-widget-image\" data-id=\"68c9dfa\" data-element_type=\"widget\" data-widget_type=\"image.default\">\n\t\t\t\t<div class=\"elementor-widget-container\">\n\t\t\t\t\t\t\t\t\t\t\t\t\t\t\t<img decoding=\"async\" width=\"1792\" height=\"1696\" src=\"https:\/\/inpridi.com\/wp-content\/uploads\/2024\/08\/Skladistenje-cevi.png\" class=\"attachment-large size-large wp-image-213\" alt=\"DHATEC, skladi\u0161tenje cevi na skladi\u0161tu.\" srcset=\"https:\/\/inpridi.com\/wp-content\/uploads\/2024\/08\/Skladistenje-cevi.png 1792w, https:\/\/inpridi.com\/wp-content\/uploads\/2024\/08\/Skladistenje-cevi-768x727.png 768w, https:\/\/inpridi.com\/wp-content\/uploads\/2024\/08\/Skladistenje-cevi-1536x1454.png 1536w\" sizes=\"(max-width: 1792px) 100vw, 1792px\" \/>\t\t\t\t\t\t\t\t\t\t\t\t\t\t\t<\/div>\n\t\t\t\t<\/div>\n\t\t\t\t<\/div>\n\t\t\t\t<\/div>\n\t\t\t\t\t<\/div>\n\t\t\t\t<\/div>\n\t\t<div class=\"elementor-element elementor-element-3ecc2982 e-flex e-con-boxed e-con e-parent\" data-id=\"3ecc2982\" data-element_type=\"container\">\n\t\t\t\t\t<div class=\"e-con-inner\">\n\t\t<div class=\"elementor-element elementor-element-71fb6360 e-con-full e-flex e-con e-child\" data-id=\"71fb6360\" data-element_type=\"container\">\n\t\t<div class=\"elementor-element elementor-element-2166a26b e-con-full e-flex e-con e-child\" data-id=\"2166a26b\" data-element_type=\"container\">\n\t\t\t\t<div class=\"elementor-element elementor-element-4b205b52 elementor-widget elementor-widget-image\" data-id=\"4b205b52\" data-element_type=\"widget\" data-widget_type=\"image.default\">\n\t\t\t\t<div class=\"elementor-widget-container\">\n\t\t\t\t\t\t\t\t\t\t\t\t\t\t\t<img decoding=\"async\" width=\"1792\" height=\"1696\" src=\"https:\/\/inpridi.com\/wp-content\/uploads\/2024\/08\/Proizvodnja-cevi.png\" class=\"attachment-large size-large wp-image-214\" alt=\"Proizvodnja cevi u fabrici.\" srcset=\"https:\/\/inpridi.com\/wp-content\/uploads\/2024\/08\/Proizvodnja-cevi.png 1792w, https:\/\/inpridi.com\/wp-content\/uploads\/2024\/08\/Proizvodnja-cevi-768x727.png 768w, https:\/\/inpridi.com\/wp-content\/uploads\/2024\/08\/Proizvodnja-cevi-1536x1454.png 1536w\" sizes=\"(max-width: 1792px) 100vw, 1792px\" \/>\t\t\t\t\t\t\t\t\t\t\t\t\t\t\t<\/div>\n\t\t\t\t<\/div>\n\t\t\t\t<\/div>\n\t\t<div class=\"elementor-element elementor-element-5049c17f e-con-full e-flex e-con e-child\" data-id=\"5049c17f\" data-element_type=\"container\">\n\t\t\t\t<div class=\"elementor-element elementor-element-4c6d81f6 elementor-widget elementor-widget-heading\" data-id=\"4c6d81f6\" data-element_type=\"widget\" data-widget_type=\"heading.default\">\n\t\t\t\t<div class=\"elementor-widget-container\">\n\t\t\t\t\t<h2 class=\"elementor-heading-title elementor-size-default\">Pipe manufacturing<\/h2>\t\t\t\t<\/div>\n\t\t\t\t<\/div>\n\t\t\t\t<div class=\"elementor-element elementor-element-72f5c7cb elementor-widget elementor-widget-text-editor\" data-id=\"72f5c7cb\" data-element_type=\"widget\" data-widget_type=\"text-editor.default\">\n\t\t\t\t<div class=\"elementor-widget-container\">\n\t\t\t\t\t\t\t\t\t<p>DHATEC does not manufacture pipes, but focuses on developing innovative solutions that support production processes in the pipe industry. They provide equipment and systems that enable the safe handling, transport and storage of pipes during and after production. DHATEC's products include protective elements such as caps and liners that protect pipes from damage and contamination during production. Their expertise helps pipe manufacturers to increase efficiency, lower costs and improve the quality of final products through customized solutions that meet specific production needs.<\/p>\t\t\t\t\t\t\t\t<\/div>\n\t\t\t\t<\/div>\n\t\t<div class=\"elementor-element elementor-element-48c8acdb e-con-full e-flex e-con e-child\" data-id=\"48c8acdb\" data-element_type=\"container\">\n\t\t\t\t<div class=\"elementor-element elementor-element-1b75c3da elementor-widget elementor-widget-button\" data-id=\"1b75c3da\" data-element_type=\"widget\" data-widget_type=\"button.default\">\n\t\t\t\t<div class=\"elementor-widget-container\">\n\t\t\t\t\t\t\t\t\t<div class=\"elementor-button-wrapper\">\n\t\t\t\t\t<a class=\"elementor-button elementor-button-link elementor-size-sm elementor-animation-grow\" href=\"https:\/\/inpridi.com\/en\/kontakt\/\">\n\t\t\t\t\t\t<span class=\"elementor-button-content-wrapper\">\n\t\t\t\t\t\t\t\t\t<span class=\"elementor-button-text\">request a quote<\/span>\n\t\t\t\t\t<\/span>\n\t\t\t\t\t<\/a>\n\t\t\t\t<\/div>\n\t\t\t\t\t\t\t\t<\/div>\n\t\t\t\t<\/div>\n\t\t\t\t<div class=\"elementor-element elementor-element-79ec5eb5 elementor-widget elementor-widget-button\" data-id=\"79ec5eb5\" data-element_type=\"widget\" data-widget_type=\"button.default\">\n\t\t\t\t<div class=\"elementor-widget-container\">\n\t\t\t\t\t\t\t\t\t<div class=\"elementor-button-wrapper\">\n\t\t\t\t\t<a class=\"elementor-button elementor-button-link elementor-size-sm elementor-animation-grow\" href=\"https:\/\/dhatec.nl\/products\/?taxonomy=product_category&#038;term=manufacturing\" target=\"_blank\" rel=\"noopener\">\n\t\t\t\t\t\t<span class=\"elementor-button-content-wrapper\">\n\t\t\t\t\t\t\t\t\t<span class=\"elementor-button-text\">Visit the manufacturer's website<\/span>\n\t\t\t\t\t<\/span>\n\t\t\t\t\t<\/a>\n\t\t\t\t<\/div>\n\t\t\t\t\t\t\t\t<\/div>\n\t\t\t\t<\/div>\n\t\t\t\t<div class=\"elementor-element elementor-element-61c251a4 elementor-view-default elementor-widget elementor-widget-icon\" data-id=\"61c251a4\" data-element_type=\"widget\" data-widget_type=\"icon.default\">\n\t\t\t\t<div class=\"elementor-widget-container\">\n\t\t\t\t\t\t\t<div class=\"elementor-icon-wrapper\">\n\t\t\t<div class=\"elementor-icon\">\n\t\t\t<svg aria-hidden=\"true\" class=\"e-font-icon-svg e-fas-arrow-circle-right\" viewbox=\"0 0 512 512\" xmlns=\"http:\/\/www.w3.org\/2000\/svg\"><path d=\"M256 8c137 0 248 111 248 248S393 504 256 504 8 393 8 256 119 8 256 8zm-28.9 143.6l75.5 72.4H120c-13.3 0-24 10.7-24 24v16c0 13.3 10.7 24 24 24h182.6l-75.5 72.4c-9.7 9.3-9.9 24.8-.4 34.3l11 10.9c9.4 9.4 24.6 9.4 33.9 0L404.3 273c9.4-9.4 9.4-24.6 0-33.9L271.6 106.3c-9.4-9.4-24.6-9.4-33.9 0l-11 10.9c-9.5 9.6-9.3 25.1.4 34.4z\"><\/path><\/svg>\t\t\t<\/div>\n\t\t<\/div>\n\t\t\t\t\t\t<\/div>\n\t\t\t\t<\/div>\n\t\t\t\t<\/div>\n\t\t\t\t<\/div>\n\t\t\t\t<\/div>\n\t\t\t\t\t<\/div>\n\t\t\t\t<\/div>\n\t\t<div class=\"elementor-element elementor-element-71c0d661 e-con-full e-flex e-con e-parent\" data-id=\"71c0d661\" data-element_type=\"container\" data-settings=\"{&quot;background_background&quot;:&quot;classic&quot;}\">\n\t\t<div class=\"elementor-element elementor-element-14d2a5cf e-flex e-con-boxed e-con e-child\" data-id=\"14d2a5cf\" data-element_type=\"container\">\n\t\t\t\t\t<div class=\"e-con-inner\">\n\t\t\t\t<div class=\"elementor-element elementor-element-46cc702e elementor-widget elementor-widget-heading\" data-id=\"46cc702e\" data-element_type=\"widget\" data-widget_type=\"heading.default\">\n\t\t\t\t<div class=\"elementor-widget-container\">\n\t\t\t\t\t<h2 class=\"elementor-heading-title elementor-size-default\">Our brands as confirmation of quality<\/h2>\t\t\t\t<\/div>\n\t\t\t\t<\/div>\n\t\t\t\t<div class=\"elementor-element elementor-element-7ed3e3a1 elementor-widget__width-initial elementor-widget elementor-widget-text-editor\" data-id=\"7ed3e3a1\" data-element_type=\"widget\" data-widget_type=\"text-editor.default\">\n\t\t\t\t<div class=\"elementor-widget-container\">\n\t\t\t\t\t\t\t\t\t<p class=\"p1\"><span class=\"s1\"><b>INPRIDI<\/b> and <b>INPRIDI ADRIA<\/b> are authorized distributors of <b>Canusa-CPS<\/b>, <b>DHATEC <\/b>and <b>4 Pipes<\/b>, <\/span><\/p><p class=\"p1\"><span class=\"s1\">and serve clients throughout Southeast Europe.<\/span><\/p>\t\t\t\t\t\t\t\t<\/div>\n\t\t\t\t<\/div>\n\t\t<div class=\"elementor-element elementor-element-352a92e4 e-con-full e-flex e-con e-child\" data-id=\"352a92e4\" data-element_type=\"container\">\n\t\t\t\t<div class=\"elementor-element elementor-element-3b750299 elementor-widget elementor-widget-image\" data-id=\"3b750299\" data-element_type=\"widget\" data-widget_type=\"image.default\">\n\t\t\t\t<div class=\"elementor-widget-container\">\n\t\t\t\t\t\t\t\t\t\t\t\t\t\t\t\t<a href=\"https:\/\/dhatec.nl\/\" target=\"_blank\" rel=\"noopener\">\n\t\t\t\t\t\t\t<img loading=\"lazy\" decoding=\"async\" width=\"300\" height=\"156\" src=\"https:\/\/inpridi.com\/wp-content\/uploads\/2025\/12\/DhatechLogo.jpg\" class=\"elementor-animation-grow attachment-medium size-medium wp-image-1780\" alt=\"\" srcset=\"https:\/\/inpridi.com\/wp-content\/uploads\/2025\/12\/DhatechLogo.jpg 300w, https:\/\/inpridi.com\/wp-content\/uploads\/2025\/12\/DhatechLogo-18x9.jpg 18w\" sizes=\"(max-width: 300px) 100vw, 300px\" \/>\t\t\t\t\t\t\t\t<\/a>\n\t\t\t\t\t\t\t\t\t\t\t\t\t\t\t<\/div>\n\t\t\t\t<\/div>\n\t\t\t\t<div class=\"elementor-element elementor-element-2e3f8cfa elementor-widget elementor-widget-image\" data-id=\"2e3f8cfa\" data-element_type=\"widget\" data-widget_type=\"image.default\">\n\t\t\t\t<div class=\"elementor-widget-container\">\n\t\t\t\t\t\t\t\t\t\t\t\t\t\t\t\t<a href=\"https:\/\/canusacps.com\/\" target=\"_blank\" rel=\"noopener\">\n\t\t\t\t\t\t\t<img loading=\"lazy\" decoding=\"async\" width=\"300\" height=\"156\" src=\"https:\/\/inpridi.com\/wp-content\/uploads\/2025\/12\/CanUsaLogo.jpg\" class=\"elementor-animation-grow attachment-medium size-medium wp-image-1781\" alt=\"\" srcset=\"https:\/\/inpridi.com\/wp-content\/uploads\/2025\/12\/CanUsaLogo.jpg 300w, https:\/\/inpridi.com\/wp-content\/uploads\/2025\/12\/CanUsaLogo-18x9.jpg 18w\" sizes=\"(max-width: 300px) 100vw, 300px\" \/>\t\t\t\t\t\t\t\t<\/a>\n\t\t\t\t\t\t\t\t\t\t\t\t\t\t\t<\/div>\n\t\t\t\t<\/div>\n\t\t\t\t<div class=\"elementor-element elementor-element-4c212961 elementor-widget elementor-widget-image\" data-id=\"4c212961\" data-element_type=\"widget\" data-widget_type=\"image.default\">\n\t\t\t\t<div class=\"elementor-widget-container\">\n\t\t\t\t\t\t\t\t\t\t\t\t\t\t\t\t<a href=\"https:\/\/www.4pipes.de\/www_GB_2019_NEU\/index-gb.htm\" target=\"_blank\" rel=\"noopener\">\n\t\t\t\t\t\t\t<img loading=\"lazy\" decoding=\"async\" width=\"300\" height=\"156\" src=\"https:\/\/inpridi.com\/wp-content\/uploads\/2025\/12\/4PipesLogo.jpg\" class=\"elementor-animation-grow attachment-medium size-medium wp-image-1782\" alt=\"\" srcset=\"https:\/\/inpridi.com\/wp-content\/uploads\/2025\/12\/4PipesLogo.jpg 300w, https:\/\/inpridi.com\/wp-content\/uploads\/2025\/12\/4PipesLogo-18x9.jpg 18w\" sizes=\"(max-width: 300px) 100vw, 300px\" \/>\t\t\t\t\t\t\t\t<\/a>\n\t\t\t\t\t\t\t\t\t\t\t\t\t\t\t<\/div>\n\t\t\t\t<\/div>\n\t\t\t\t<\/div>\n\t\t\t\t\t<\/div>\n\t\t\t\t<\/div>\n\t\t\t\t<\/div>\n\t\t\t\t<\/div>","protected":false},"excerpt":{"rendered":"<p>Logistika cevi DHATEC je me\u0111unarodna kompanija specijalizovana za logistiku i za\u0161titu cevi u industriji nafte, gasa i infrastrukture. Pru\u017eaju inovativna re\u0161enja za pakovanje, transport i skladi\u0161tenje cevi kako bi se osiguralo da one stignu na odredi\u0161te bez o\u0161te\u0107enja. Njihove usluge uklju\u010duju projektovanje za\u0161titne ambala\u017ee, prilagodljive sisteme za rukovanje cevima i integrisana re\u0161enja za za\u0161titu od [&hellip;]<\/p>","protected":false},"author":1,"featured_media":0,"parent":0,"menu_order":0,"comment_status":"closed","ping_status":"closed","template":"","meta":{"footnotes":""},"class_list":["post-190","page","type-page","status-publish","hentry"],"_links":{"self":[{"href":"https:\/\/inpridi.com\/en\/wp-json\/wp\/v2\/pages\/190","targetHints":{"allow":["GET"]}}],"collection":[{"href":"https:\/\/inpridi.com\/en\/wp-json\/wp\/v2\/pages"}],"about":[{"href":"https:\/\/inpridi.com\/en\/wp-json\/wp\/v2\/types\/page"}],"author":[{"embeddable":true,"href":"https:\/\/inpridi.com\/en\/wp-json\/wp\/v2\/users\/1"}],"replies":[{"embeddable":true,"href":"https:\/\/inpridi.com\/en\/wp-json\/wp\/v2\/comments?post=190"}],"version-history":[{"count":44,"href":"https:\/\/inpridi.com\/en\/wp-json\/wp\/v2\/pages\/190\/revisions"}],"predecessor-version":[{"id":1853,"href":"https:\/\/inpridi.com\/en\/wp-json\/wp\/v2\/pages\/190\/revisions\/1853"}],"wp:attachment":[{"href":"https:\/\/inpridi.com\/en\/wp-json\/wp\/v2\/media?parent=190"}],"curies":[{"name":"wp","href":"https:\/\/api.w.org\/{rel}","templated":true}]}}